{"id":106,"date":"2021-09-02T07:59:19","date_gmt":"2021-09-02T07:59:19","guid":{"rendered":"https:\/\/noovy.ch\/?page_id=106"},"modified":"2021-09-12T19:39:01","modified_gmt":"2021-09-12T19:39:01","slug":"homepage","status":"publish","type":"page","link":"https:\/\/noovy.ch\/","title":{"rendered":"\u00dcber Noovy"},"content":{"rendered":"\n<p>Bei Noovy findest du liebevoll erstellte Designs, die du als Poster oder Postkarten haben kannst. Gwundrig? Schau dich um. <\/p>\n\n\n\n<p>\u00dcbrigens: <\/p>\n\n\n\n<p>Alle Sujets k\u00f6nnen farblich angepasst werden. <\/p>\n\n\n\n<p>Beim Druck der Prints ber\u00fccksichtige ich ein kleines, lokales Druckgewerbe und achte auf nachhaltig produziertes Papier. <\/p>\n\n\n\n<p><\/p>\n\n\n<div class=\"woocommerce columns-4\"><ul class=\"products columns-4\">\n<li class=\"product-category product first\">\n\t<a href=\"https:\/\/noovy.ch\/?product_cat=unkategorisiert\"><img src=\"https:\/\/noovy.ch\/wp-content\/uploads\/woocommerce-placeholder.png\" alt=\"Unkategorisiert\" width=\"300\" height=\"300\" \/>\t\t<h2 class=\"woocommerce-loop-category__title\">\n\t\t\tUnkategorisiert <mark class=\"count\">(4)<\/mark>\t\t<\/h2>\n\t\t<\/a><\/li>\n<li class=\"product-category product\">\n\t<a href=\"https:\/\/noovy.ch\/?product_cat=zarte-kategorie\"><img src=\"https:\/\/noovy.ch\/wp-content\/uploads\/woocommerce-placeholder.png\" alt=\"Zarte Kategorie\" width=\"300\" height=\"300\" \/>\t\t<h2 class=\"woocommerce-loop-category__title\">\n\t\t\tZarte Kategorie <mark class=\"count\">(1)<\/mark>\t\t<\/h2>\n\t\t<\/a><\/li>\n<\/ul>\n<\/div>\n\n\n\n<h2 class=\"has-text-align-center\">Noovy Designs &#8211; Basic<\/h2>\n\n\n<div data-block-name=\"woocommerce\/product-best-sellers\" data-columns=\"4\" class=\"wc-block-grid wp-block-product-best-sellers wc-block-product-best-sellers has-4-columns has-multiple-rows\"><ul class=\"wc-block-grid__products\"><li class=\"wc-block-grid__product\">\n\t\t\t\t<a href=\"https:\/\/noovy.ch\/?product=schaefli-zart\" class=\"wc-block-grid__product-link\">\n\t\t\t\t\t<div class=\"wc-block-grid__product-image\"><img width=\"300\" height=\"300\" src=\"https:\/\/noovy.ch\/wp-content\/uploads\/2021\/09\/Maeh_Marina-300x300.jpg\" class=\"attachment-woocommerce_thumbnail size-woocommerce_thumbnail\" alt=\"Sch\u00e4fli zart\" loading=\"lazy\" srcset=\"https:\/\/noovy.ch\/wp-content\/uploads\/2021\/09\/Maeh_Marina-300x300.jpg 300w, https:\/\/noovy.ch\/wp-content\/uploads\/2021\/09\/Maeh_Marina-100x100.jpg 100w, https:\/\/noovy.ch\/wp-content\/uploads\/2021\/09\/Maeh_Marina-150x150.jpg 150w, https:\/\/noovy.ch\/wp-content\/uploads\/2021\/09\/Maeh_Marina-75x75.jpg 75w\" sizes=\"(max-width: 300px) 100vw, 300px\" \/><\/div>\n\t\t\t\t\t<div class=\"wc-block-grid__product-title\">Sch\u00e4fli zart<\/div>\n\t\t\t\t<\/a>\n\t\t\t\t\n\t\t\t\t<div class=\"wc-block-grid__product-price price\"><\/div>\n\t\t\t\t\n\t\t\t\t<div class=\"wp-block-button wc-block-grid__product-add-to-cart\"><a href=\"https:\/\/noovy.ch\/?product=schaefli-zart\" aria-label=\"Lese mehr \u00fcber &#8222;Sch\u00e4fli zart&#8220;\" data-quantity=\"1\" data-product_id=\"136\" data-product_sku=\"\" rel=\"nofollow\" class=\"wp-block-button__link  add_to_cart_button\">Weiterlesen<\/a><\/div>\n\t\t\t<\/li><li class=\"wc-block-grid__product\">\n\t\t\t\t<a href=\"https:\/\/noovy.ch\/?product=giraeffli\" class=\"wc-block-grid__product-link\">\n\t\t\t\t\t<div class=\"wc-block-grid__product-image\"><img width=\"300\" height=\"300\" src=\"https:\/\/noovy.ch\/wp-content\/uploads\/2020\/08\/c589ea92-0881-4f22-bcea-fdda127493f3-300x300.jpg\" class=\"attachment-woocommerce_thumbnail size-woocommerce_thumbnail\" alt=\"Gir\u00e4ffli\" loading=\"lazy\" srcset=\"https:\/\/noovy.ch\/wp-content\/uploads\/2020\/08\/c589ea92-0881-4f22-bcea-fdda127493f3-300x300.jpg 300w, https:\/\/noovy.ch\/wp-content\/uploads\/2020\/08\/c589ea92-0881-4f22-bcea-fdda127493f3-100x100.jpg 100w, https:\/\/noovy.ch\/wp-content\/uploads\/2020\/08\/c589ea92-0881-4f22-bcea-fdda127493f3-150x150.jpg 150w, https:\/\/noovy.ch\/wp-content\/uploads\/2020\/08\/c589ea92-0881-4f22-bcea-fdda127493f3-75x75.jpg 75w\" sizes=\"(max-width: 300px) 100vw, 300px\" \/><\/div>\n\t\t\t\t\t<div class=\"wc-block-grid__product-title\">Gir\u00e4ffli<\/div>\n\t\t\t\t<\/a>\n\t\t\t\t\n\t\t\t\t<div class=\"wc-block-grid__product-price price\"><\/div>\n\t\t\t\t\n\t\t\t\t<div class=\"wp-block-button wc-block-grid__product-add-to-cart\"><a href=\"https:\/\/noovy.ch\/?product=giraeffli\" aria-label=\"Lese mehr \u00fcber &#8222;Gir\u00e4ffli&#8220;\" data-quantity=\"1\" data-product_id=\"100\" data-product_sku=\"\" rel=\"nofollow\" class=\"wp-block-button__link  add_to_cart_button\">Weiterlesen<\/a><\/div>\n\t\t\t<\/li><li class=\"wc-block-grid__product\">\n\t\t\t\t<a href=\"https:\/\/noovy.ch\/?product=truebli\" class=\"wc-block-grid__product-link\">\n\t\t\t\t\t<div class=\"wc-block-grid__product-image\"><img width=\"300\" height=\"300\" src=\"https:\/\/noovy.ch\/wp-content\/uploads\/2020\/08\/724eca84-6589-4e62-b272-9bc21c7de54d-300x300.jpg\" class=\"attachment-woocommerce_thumbnail size-woocommerce_thumbnail\" alt=\"Tr\u00fcbli\" loading=\"lazy\" srcset=\"https:\/\/noovy.ch\/wp-content\/uploads\/2020\/08\/724eca84-6589-4e62-b272-9bc21c7de54d-300x300.jpg 300w, https:\/\/noovy.ch\/wp-content\/uploads\/2020\/08\/724eca84-6589-4e62-b272-9bc21c7de54d-100x100.jpg 100w, https:\/\/noovy.ch\/wp-content\/uploads\/2020\/08\/724eca84-6589-4e62-b272-9bc21c7de54d-150x150.jpg 150w, https:\/\/noovy.ch\/wp-content\/uploads\/2020\/08\/724eca84-6589-4e62-b272-9bc21c7de54d-75x75.jpg 75w\" sizes=\"(max-width: 300px) 100vw, 300px\" \/><\/div>\n\t\t\t\t\t<div class=\"wc-block-grid__product-title\">Tr\u00fcbli<\/div>\n\t\t\t\t<\/a>\n\t\t\t\t\n\t\t\t\t<div class=\"wc-block-grid__product-price price\"><\/div>\n\t\t\t\t\n\t\t\t\t<div class=\"wp-block-button wc-block-grid__product-add-to-cart\"><a href=\"https:\/\/noovy.ch\/?product=truebli\" aria-label=\"Lese mehr \u00fcber &#8222;Tr\u00fcbli&#8220;\" data-quantity=\"1\" data-product_id=\"99\" data-product_sku=\"\" rel=\"nofollow\" class=\"wp-block-button__link  add_to_cart_button\">Weiterlesen<\/a><\/div>\n\t\t\t<\/li><li class=\"wc-block-grid__product\">\n\t\t\t\t<a href=\"https:\/\/noovy.ch\/?product=schlaengli\" class=\"wc-block-grid__product-link\">\n\t\t\t\t\t<div class=\"wc-block-grid__product-image\"><img width=\"300\" height=\"300\" src=\"https:\/\/noovy.ch\/wp-content\/uploads\/2020\/08\/e9541fe9-083e-4f64-b043-836d46313159-300x300.jpg\" class=\"attachment-woocommerce_thumbnail size-woocommerce_thumbnail\" alt=\"Schl\u00e4ngli\" loading=\"lazy\" srcset=\"https:\/\/noovy.ch\/wp-content\/uploads\/2020\/08\/e9541fe9-083e-4f64-b043-836d46313159-300x300.jpg 300w, https:\/\/noovy.ch\/wp-content\/uploads\/2020\/08\/e9541fe9-083e-4f64-b043-836d46313159-100x100.jpg 100w, https:\/\/noovy.ch\/wp-content\/uploads\/2020\/08\/e9541fe9-083e-4f64-b043-836d46313159-150x150.jpg 150w, https:\/\/noovy.ch\/wp-content\/uploads\/2020\/08\/e9541fe9-083e-4f64-b043-836d46313159-75x75.jpg 75w\" sizes=\"(max-width: 300px) 100vw, 300px\" \/><\/div>\n\t\t\t\t\t<div class=\"wc-block-grid__product-title\">Schl\u00e4ngli<\/div>\n\t\t\t\t<\/a>\n\t\t\t\t\n\t\t\t\t<div class=\"wc-block-grid__product-price price\"><\/div>\n\t\t\t\t\n\t\t\t\t<div class=\"wp-block-button wc-block-grid__product-add-to-cart\"><a href=\"https:\/\/noovy.ch\/?product=schlaengli\" aria-label=\"Lese mehr \u00fcber &#8222;Schl\u00e4ngli&#8220;\" data-quantity=\"1\" data-product_id=\"98\" data-product_sku=\"\" rel=\"nofollow\" class=\"wp-block-button__link  add_to_cart_button\">Weiterlesen<\/a><\/div>\n\t\t\t<\/li><li class=\"wc-block-grid__product\">\n\t\t\t\t<a href=\"https:\/\/noovy.ch\/?product=rueebli\" class=\"wc-block-grid__product-link\">\n\t\t\t\t\t<div class=\"wc-block-grid__product-image\"><img width=\"300\" height=\"300\" src=\"https:\/\/noovy.ch\/wp-content\/uploads\/2020\/08\/b35d1684-5f6e-4b48-b952-7a33e687b38b-300x300.jpg\" class=\"attachment-woocommerce_thumbnail size-woocommerce_thumbnail\" alt=\"R\u00fcebli\" loading=\"lazy\" srcset=\"https:\/\/noovy.ch\/wp-content\/uploads\/2020\/08\/b35d1684-5f6e-4b48-b952-7a33e687b38b-300x300.jpg 300w, https:\/\/noovy.ch\/wp-content\/uploads\/2020\/08\/b35d1684-5f6e-4b48-b952-7a33e687b38b-100x100.jpg 100w, https:\/\/noovy.ch\/wp-content\/uploads\/2020\/08\/b35d1684-5f6e-4b48-b952-7a33e687b38b-150x150.jpg 150w, https:\/\/noovy.ch\/wp-content\/uploads\/2020\/08\/b35d1684-5f6e-4b48-b952-7a33e687b38b-75x75.jpg 75w\" sizes=\"(max-width: 300px) 100vw, 300px\" \/><\/div>\n\t\t\t\t\t<div class=\"wc-block-grid__product-title\">R\u00fcebli<\/div>\n\t\t\t\t<\/a>\n\t\t\t\t\n\t\t\t\t<div class=\"wc-block-grid__product-price price\"><\/div>\n\t\t\t\t\n\t\t\t\t<div class=\"wp-block-button wc-block-grid__product-add-to-cart\"><a href=\"https:\/\/noovy.ch\/?product=rueebli\" aria-label=\"Lese mehr \u00fcber &#8222;R\u00fcebli&#8220;\" data-quantity=\"1\" data-product_id=\"87\" data-product_sku=\"\" rel=\"nofollow\" class=\"wp-block-button__link  add_to_cart_button\">Weiterlesen<\/a><\/div>\n\t\t\t<\/li><\/ul><\/div>","protected":false},"excerpt":{"rendered":"<p>Bei Noovy findest du liebevoll erstellte Designs, die du als Poster oder Postkarten haben kannst. Gwundrig? Schau dich um. \u00dcbrigens: Alle Sujets k\u00f6nnen farblich angepasst werden. Beim Druck der Prints ber\u00fccksichtige ich ein kleines, lokales Druckgewerbe und achte auf nachhaltig produziertes Papier. Noovy Designs &#8211; Basic<\/p>\n","protected":false},"author":3,"featured_media":0,"parent":0,"menu_order":0,"comment_status":"closed","ping_status":"closed","template":"","meta":[],"yoast_head":"<!-- This site is optimized with the Yoast SEO plugin v17.1 - https:\/\/yoast.com\/wordpress\/plugins\/seo\/ -->\n<title>\u00dcber Noovy - Noovy<\/title>\n<meta name=\"robots\" content=\"index, follow, max-snippet:-1, max-image-preview:large, max-video-preview:-1\" \/>\n<link rel=\"canonical\" href=\"https:\/\/noovy.ch\/\" \/>\n<meta property=\"og:locale\" content=\"de_DE\" \/>\n<meta property=\"og:type\" content=\"article\" \/>\n<meta property=\"og:title\" content=\"\u00dcber Noovy - Noovy\" \/>\n<meta property=\"og:description\" content=\"Bei Noovy findest du liebevoll erstellte Designs, die du als Poster oder Postkarten haben kannst. Gwundrig? Schau dich um. \u00dcbrigens: Alle Sujets k\u00f6nnen farblich angepasst werden. Beim Druck der Prints ber\u00fccksichtige ich ein kleines, lokales Druckgewerbe und achte auf nachhaltig produziertes Papier. Noovy Designs &#8211; Basic\" \/>\n<meta property=\"og:url\" content=\"https:\/\/noovy.ch\/\" \/>\n<meta property=\"og:site_name\" content=\"Noovy\" \/>\n<meta property=\"article:modified_time\" content=\"2021-09-12T19:39:01+00:00\" \/>\n<meta name=\"twitter:card\" content=\"summary_large_image\" \/>\n<meta name=\"twitter:label1\" content=\"Gesch\u00e4tzte Lesezeit\" \/>\n\t<meta name=\"twitter:data1\" content=\"1\u00a0Minute\" \/>\n<script type=\"application\/ld+json\" class=\"yoast-schema-graph\">{\"@context\":\"https:\/\/schema.org\",\"@graph\":[{\"@type\":\"WebSite\",\"@id\":\"https:\/\/noovy.ch\/#website\",\"url\":\"https:\/\/noovy.ch\/\",\"name\":\"Noovy\",\"description\":\"Sch\\u00f6nes mit Liebe gemacht\",\"potentialAction\":[{\"@type\":\"SearchAction\",\"target\":{\"@type\":\"EntryPoint\",\"urlTemplate\":\"https:\/\/noovy.ch\/?s={search_term_string}\"},\"query-input\":\"required name=search_term_string\"}],\"inLanguage\":\"de\"},{\"@type\":\"WebPage\",\"@id\":\"https:\/\/noovy.ch\/#webpage\",\"url\":\"https:\/\/noovy.ch\/\",\"name\":\"\\u00dcber Noovy - Noovy\",\"isPartOf\":{\"@id\":\"https:\/\/noovy.ch\/#website\"},\"datePublished\":\"2021-09-02T07:59:19+00:00\",\"dateModified\":\"2021-09-12T19:39:01+00:00\",\"breadcrumb\":{\"@id\":\"https:\/\/noovy.ch\/#breadcrumb\"},\"inLanguage\":\"de\",\"potentialAction\":[{\"@type\":\"ReadAction\",\"target\":[\"https:\/\/noovy.ch\/\"]}]},{\"@type\":\"BreadcrumbList\",\"@id\":\"https:\/\/noovy.ch\/#breadcrumb\",\"itemListElement\":[{\"@type\":\"ListItem\",\"position\":1,\"name\":\"Home\",\"item\":\"https:\/\/noovy.ch\/\"},{\"@type\":\"ListItem\",\"position\":2,\"name\":\"\\u00dcber Noovy\"}]}]}<\/script>\n<!-- \/ Yoast SEO plugin. -->","yoast_head_json":{"title":"\u00dcber Noovy - Noovy","robots":{"index":"index","follow":"follow","max-snippet":"max-snippet:-1","max-image-preview":"max-image-preview:large","max-video-preview":"max-video-preview:-1"},"canonical":"https:\/\/noovy.ch\/","og_locale":"de_DE","og_type":"article","og_title":"\u00dcber Noovy - Noovy","og_description":"Bei Noovy findest du liebevoll erstellte Designs, die du als Poster oder Postkarten haben kannst. Gwundrig? Schau dich um. \u00dcbrigens: Alle Sujets k\u00f6nnen farblich angepasst werden. Beim Druck der Prints ber\u00fccksichtige ich ein kleines, lokales Druckgewerbe und achte auf nachhaltig produziertes Papier. Noovy Designs &#8211; Basic","og_url":"https:\/\/noovy.ch\/","og_site_name":"Noovy","article_modified_time":"2021-09-12T19:39:01+00:00","twitter_card":"summary_large_image","twitter_misc":{"Gesch\u00e4tzte Lesezeit":"1\u00a0Minute"},"schema":{"@context":"https:\/\/schema.org","@graph":[{"@type":"WebSite","@id":"https:\/\/noovy.ch\/#website","url":"https:\/\/noovy.ch\/","name":"Noovy","description":"Sch\u00f6nes mit Liebe gemacht","potentialAction":[{"@type":"SearchAction","target":{"@type":"EntryPoint","urlTemplate":"https:\/\/noovy.ch\/?s={search_term_string}"},"query-input":"required name=search_term_string"}],"inLanguage":"de"},{"@type":"WebPage","@id":"https:\/\/noovy.ch\/#webpage","url":"https:\/\/noovy.ch\/","name":"\u00dcber Noovy - Noovy","isPartOf":{"@id":"https:\/\/noovy.ch\/#website"},"datePublished":"2021-09-02T07:59:19+00:00","dateModified":"2021-09-12T19:39:01+00:00","breadcrumb":{"@id":"https:\/\/noovy.ch\/#breadcrumb"},"inLanguage":"de","potentialAction":[{"@type":"ReadAction","target":["https:\/\/noovy.ch\/"]}]},{"@type":"BreadcrumbList","@id":"https:\/\/noovy.ch\/#breadcrumb","itemListElement":[{"@type":"ListItem","position":1,"name":"Home","item":"https:\/\/noovy.ch\/"},{"@type":"ListItem","position":2,"name":"\u00dcber Noovy"}]}]}},"_links":{"self":[{"href":"https:\/\/noovy.ch\/index.php?rest_route=\/wp\/v2\/pages\/106"}],"collection":[{"href":"https:\/\/noovy.ch\/index.php?rest_route=\/wp\/v2\/pages"}],"about":[{"href":"https:\/\/noovy.ch\/index.php?rest_route=\/wp\/v2\/types\/page"}],"author":[{"embeddable":true,"href":"https:\/\/noovy.ch\/index.php?rest_route=\/wp\/v2\/users\/3"}],"replies":[{"embeddable":true,"href":"https:\/\/noovy.ch\/index.php?rest_route=%2Fwp%2Fv2%2Fcomments&post=106"}],"version-history":[{"count":11,"href":"https:\/\/noovy.ch\/index.php?rest_route=\/wp\/v2\/pages\/106\/revisions"}],"predecessor-version":[{"id":177,"href":"https:\/\/noovy.ch\/index.php?rest_route=\/wp\/v2\/pages\/106\/revisions\/177"}],"wp:attachment":[{"href":"https:\/\/noovy.ch\/index.php?rest_route=%2Fwp%2Fv2%2Fmedia&parent=106"}],"curies":[{"name":"wp","href":"https:\/\/api.w.org\/{rel}","templated":true}]}}